{"id":41,"date":"2024-01-19T19:13:22","date_gmt":"2024-01-19T19:13:22","guid":{"rendered":"https:\/\/vestfrostsolutions.pl\/?page_id=41"},"modified":"2024-01-30T00:13:51","modified_gmt":"2024-01-30T00:13:51","slug":"zamrazarki-laboratoryjne","status":"publish","type":"page","link":"https:\/\/vestfrostsolutions.pl\/index.php\/zamrazarki-laboratoryjne\/","title":{"rendered":"Zamra\u017carki laboratoryjne"},"content":{"rendered":"\t\t<div data-elementor-type=\"wp-page\" data-elementor-id=\"41\" class=\"elementor elementor-41\">\n\t\t\t\t<div class=\"elementor-element elementor-element-60da71e5 e-flex e-con-boxed e-con e-parent\" data-id=\"60da71e5\" data-element_type=\"container\" data-settings=\"{&quot;background_background&quot;:&quot;classic&quot;}\">\n\t\t\t\t\t<div class=\"e-con-inner\">\n\t\t\t\t<div class=\"elementor-element elementor-element-405c710e elementor-widget elementor-widget-spacer\" data-id=\"405c710e\" data-element_type=\"widget\" data-widget_type=\"spacer.default\">\n\t\t\t\t<div class=\"elementor-widget-container\">\n\t\t\t<style>\/*! elementor - v3.23.0 - 25-07-2024 *\/\n.elementor-column .elementor-spacer-inner{height:var(--spacer-size)}.e-con{--container-widget-width:100%}.e-con-inner>.elementor-widget-spacer,.e-con>.elementor-widget-spacer{width:var(--container-widget-width,var(--spacer-size));--align-self:var(--container-widget-align-self,initial);--flex-shrink:0}.e-con-inner>.elementor-widget-spacer>.elementor-widget-container,.e-con>.elementor-widget-spacer>.elementor-widget-container{height:100%;width:100%}.e-con-inner>.elementor-widget-spacer>.elementor-widget-container>.elementor-spacer,.e-con>.elementor-widget-spacer>.elementor-widget-container>.elementor-spacer{height:100%}.e-con-inner>.elementor-widget-spacer>.elementor-widget-container>.elementor-spacer>.elementor-spacer-inner,.e-con>.elementor-widget-spacer>.elementor-widget-container>.elementor-spacer>.elementor-spacer-inner{height:var(--container-widget-height,var(--spacer-size))}.e-con-inner>.elementor-widget-spacer.elementor-widget-empty,.e-con>.elementor-widget-spacer.elementor-widget-empty{position:relative;min-height:22px;min-width:22px}.e-con-inner>.elementor-widget-spacer.elementor-widget-empty .elementor-widget-empty-icon,.e-con>.elementor-widget-spacer.elementor-widget-empty .elementor-widget-empty-icon{position:absolute;top:0;bottom:0;left:0;right:0;margin:auto;padding:0;width:22px;height:22px}<\/style>\t\t<div class=\"elementor-spacer\">\n\t\t\t<div class=\"elementor-spacer-inner\"><\/div>\n\t\t<\/div>\n\t\t\t\t<\/div>\n\t\t\t\t<\/div>\n\t\t\t\t<div class=\"elementor-element elementor-element-29308858 elementor-widget elementor-widget-heading\" data-id=\"29308858\" data-element_type=\"widget\" data-widget_type=\"heading.default\">\n\t\t\t\t<div class=\"elementor-widget-container\">\n\t\t\t<style>\/*! elementor - v3.23.0 - 25-07-2024 *\/\n.elementor-heading-title{padding:0;margin:0;line-height:1}.elementor-widget-heading .elementor-heading-title[class*=elementor-size-]>a{color:inherit;font-size:inherit;line-height:inherit}.elementor-widget-heading .elementor-heading-title.elementor-size-small{font-size:15px}.elementor-widget-heading .elementor-heading-title.elementor-size-medium{font-size:19px}.elementor-widget-heading .elementor-heading-title.elementor-size-large{font-size:29px}.elementor-widget-heading .elementor-heading-title.elementor-size-xl{font-size:39px}.elementor-widget-heading .elementor-heading-title.elementor-size-xxl{font-size:59px}<\/style><h1 class=\"elementor-heading-title elementor-size-default\">Zamra\u017carki laboratoryjne<\/h1>\t\t<\/div>\n\t\t\t\t<\/div>\n\t\t\t\t\t<\/div>\n\t\t\t\t<\/div>\n\t\t<div class=\"elementor-element elementor-element-6f7a8b1 e-flex e-con-boxed e-con e-parent\" data-id=\"6f7a8b1\" data-element_type=\"container\">\n\t\t\t\t\t<div class=\"e-con-inner\">\n\t\t\t\t<div class=\"elementor-element elementor-element-3ef97b21 elementor-widget elementor-widget-spacer\" data-id=\"3ef97b21\" data-element_type=\"widget\" data-widget_type=\"spacer.default\">\n\t\t\t\t<div class=\"elementor-widget-container\">\n\t\t\t\t\t<div class=\"elementor-spacer\">\n\t\t\t<div class=\"elementor-spacer-inner\"><\/div>\n\t\t<\/div>\n\t\t\t\t<\/div>\n\t\t\t\t<\/div>\n\t\t\t\t\t<\/div>\n\t\t\t\t<\/div>\n\t\t<div class=\"elementor-element elementor-element-730de6a7 e-flex e-con-boxed e-con e-parent\" data-id=\"730de6a7\" data-element_type=\"container\">\n\t\t\t\t\t<div class=\"e-con-inner\">\n\t\t<div class=\"elementor-element elementor-element-3068a3c1 e-con-full e-flex e-con e-child\" data-id=\"3068a3c1\" data-element_type=\"container\">\n\t\t\t\t<div class=\"elementor-element elementor-element-892e2d5 elementor-widget elementor-widget-heading\" data-id=\"892e2d5\" data-element_type=\"widget\" data-widget_type=\"heading.default\">\n\t\t\t\t<div class=\"elementor-widget-container\">\n\t\t\t<h2 class=\"elementor-heading-title elementor-size-default\">Niezawodno\u015b\u0107 jest kluczowa dla zamra\u017carek laboratoryjnych<\/h2>\t\t<\/div>\n\t\t\t\t<\/div>\n\t\t\t\t<div class=\"elementor-element elementor-element-51e6f275 elementor-widget elementor-widget-text-editor\" data-id=\"51e6f275\" data-element_type=\"widget\" data-widget_type=\"text-editor.default\">\n\t\t\t\t<div class=\"elementor-widget-container\">\n\t\t\t<style>\/*! elementor - v3.23.0 - 25-07-2024 *\/\n.elementor-widget-text-editor.elementor-drop-cap-view-stacked .elementor-drop-cap{background-color:#69727d;color:#fff}.elementor-widget-text-editor.elementor-drop-cap-view-framed .elementor-drop-cap{color:#69727d;border:3px solid;background-color:transparent}.elementor-widget-text-editor:not(.elementor-drop-cap-view-default) .elementor-drop-cap{margin-top:8px}.elementor-widget-text-editor:not(.elementor-drop-cap-view-default) .elementor-drop-cap-letter{width:1em;height:1em}.elementor-widget-text-editor .elementor-drop-cap{float:left;text-align:center;line-height:1;font-size:50px}.elementor-widget-text-editor .elementor-drop-cap-letter{display:inline-block}<\/style>\t\t\t\t<p>Nasze zamra\u017carki laboratoryjne s\u0105 wyposa\u017cone w funkcje gwarantuj\u0105ce bezpieczne i niezawodne przechowywanie aplikacji w naukach przyrodniczych.<\/p><h5>Profesjonalne rozwi\u0105zania dla profesjonalist\u00f3w.<\/h5>\t\t\t\t\t\t<\/div>\n\t\t\t\t<\/div>\n\t\t\t\t<\/div>\n\t\t<div class=\"elementor-element elementor-element-5c88fbaa e-con-full e-flex e-con e-child\" data-id=\"5c88fbaa\" data-element_type=\"container\">\n\t\t\t\t<div class=\"elementor-element elementor-element-5efabfa elementor-widget elementor-widget-image\" data-id=\"5efabfa\" data-element_type=\"widget\" data-widget_type=\"image.default\">\n\t\t\t\t<div class=\"elementor-widget-container\">\n\t\t\t<style>\/*! elementor - v3.23.0 - 25-07-2024 *\/\n.elementor-widget-image{text-align:center}.elementor-widget-image a{display:inline-block}.elementor-widget-image a img[src$=\".svg\"]{width:48px}.elementor-widget-image img{vertical-align:middle;display:inline-block}<\/style>\t\t\t\t\t\t\t\t\t\t<img fetchpriority=\"high\" decoding=\"async\" width=\"550\" height=\"300\" src=\"https:\/\/vestfrostsolutions.pl\/wp-content\/uploads\/2024\/01\/freezer-family.png\" class=\"attachment-large size-large wp-image-149\" alt=\"\" srcset=\"https:\/\/vestfrostsolutions.pl\/wp-content\/uploads\/2024\/01\/freezer-family.png 550w, https:\/\/vestfrostsolutions.pl\/wp-content\/uploads\/2024\/01\/freezer-family-300x164.png 300w\" sizes=\"(max-width: 550px) 100vw, 550px\" \/>\t\t\t\t\t\t\t\t\t\t\t\t\t<\/div>\n\t\t\t\t<\/div>\n\t\t\t\t<\/div>\n\t\t\t\t\t<\/div>\n\t\t\t\t<\/div>\n\t\t<div class=\"elementor-element elementor-element-4827b6b9 e-flex e-con-boxed e-con e-parent\" data-id=\"4827b6b9\" data-element_type=\"container\">\n\t\t\t\t\t<div class=\"e-con-inner\">\n\t\t\t\t<div class=\"elementor-element elementor-element-20ec9a2d elementor-widget elementor-widget-spacer\" data-id=\"20ec9a2d\" data-element_type=\"widget\" data-widget_type=\"spacer.default\">\n\t\t\t\t<div class=\"elementor-widget-container\">\n\t\t\t\t\t<div class=\"elementor-spacer\">\n\t\t\t<div class=\"elementor-spacer-inner\"><\/div>\n\t\t<\/div>\n\t\t\t\t<\/div>\n\t\t\t\t<\/div>\n\t\t\t\t\t<\/div>\n\t\t\t\t<\/div>\n\t\t<div class=\"elementor-element elementor-element-1cee0676 e-flex e-con-boxed e-con e-parent\" data-id=\"1cee0676\" data-element_type=\"container\">\n\t\t\t\t\t<div class=\"e-con-inner\">\n\t\t<div class=\"elementor-element elementor-element-1257d109 e-con-full e-flex e-con e-child\" data-id=\"1257d109\" data-element_type=\"container\">\n\t\t\t\t<div class=\"elementor-element elementor-element-2c96807e elementor-widget elementor-widget-ucaddon_food_menu_box\" data-id=\"2c96807e\" data-element_type=\"widget\" data-widget_type=\"ucaddon_food_menu_box.default\">\n\t\t\t\t<div class=\"elementor-widget-container\">\n\t\t\t\n<!-- start Product Card -->\n\t\t<link id='font-awesome-css' href='https:\/\/vestfrostsolutions.pl\/wp-content\/plugins\/unlimited-elements-for-elementor\/assets_libraries\/font-awesome6\/fontawesome-all.min.css' type='text\/css' rel='stylesheet' >\n\t\t<link id='font-awesome-4-shim-css' href='https:\/\/vestfrostsolutions.pl\/wp-content\/plugins\/unlimited-elements-for-elementor\/assets_libraries\/font-awesome6\/fontawesome-v4-shims.min.css' type='text\/css' rel='stylesheet' >\n\n<style>\/* widget: Product Card *\/\n\n#uc_food_menu_box_elementor_2c96807e\n{\n  overflow:hidden;\n  position:relative;\n}\n\n.ue-card\n{\n  box-shadow:0px 5px 30px 0px rgba(0,0,0,0.20);\n}\n\n#uc_food_menu_box_elementor_2c96807e .uc_more_btn\n{\n  text-align:center;\n  transition:0.3s;\n  text-decoration:none;\n}\n\n#uc_food_menu_box_elementor_2c96807e .ue-card-image\n{\n  font-size:0px;\n}\n\n#uc_food_menu_box_elementor_2c96807e .ue-card-image img\n{\n  object-fit: cover;\n}\n\n.ue-card-title\n{\n  font-size:21px;\n}\n\n\n#uc_food_menu_box_elementor_2c96807e .ue_badge\n{\n  position: absolute;\n    top: 16px;\n    \t\n    left: -70px;transform: rotate(-45deg);    padding: 5px 0px;\n    width: 200px;\n    text-align: center;\n    box-sizing: border-box;\n    z-index:2;\n}\n\n.ue_badge\n{\n  font-size:10px;\n  line-height:1em;\n}\n\n#uc_food_menu_box_elementor_2c96807e .ue-card-price\n{\n  display:inline-flex;\n  align-items:center;\n  justify-content:center;\n  position:relative;\n  z-index:2;\n}\n\n\n#uc_food_menu_box_elementor_2c96807e .ue_rate\n{\n  line-height:1em;\n}\n\n#uc_food_menu_box_elementor_2c96807e .ue_rate svg\n{\n  height:1em;\n  width:1em;\n}\n\n#uc_food_menu_box_elementor_2c96807e .ue_rating\n{\n  display:flex;\n}\n\n<\/style>\n\n<div class=\"ue-card\" id=\"uc_food_menu_box_elementor_2c96807e\">\n  \n    \n  \n  \n    <div class=\"ue-card-header\">\n      <div class=\"ue-card-image\"><img decoding=\"async\" src=\"https:\/\/vestfrostsolutions.pl\/wp-content\/uploads\/2024\/01\/f-90i-angled-left-solid-door.png\" alt=\"f-90i-angled-left-solid-door\"  src=\"https:\/\/vestfrostsolutions.pl\/wp-content\/uploads\/2024\/01\/f-90i-angled-left-solid-door.png\" alt=\"f-90i-angled-left-solid-door\" width=\"236\" height=\"203\"><\/div>                          <\/div> \n    \n  <div class=\"ue-card-content\">\n            <div class=\"ue-card-title\">Vestfrost F-90i<\/div>            <div class=\"ue-card-text\"><p>90L | DRZWI | OD -5\u00b0C do -25\u00b0C<\/p><\/div>    \n          \n      <a href=\"https:\/\/vestfrostsolutions.pl\/index.php\/kontakt\/\" class=\"uc_more_btn\" >Dowiedz si\u0119 wi\u0119cej<\/a>  <\/div>\n  \n  <\/div>\n<!-- end Product Card -->\t\t<\/div>\n\t\t\t\t<\/div>\n\t\t\t\t<\/div>\n\t\t<div class=\"elementor-element elementor-element-6b4ed124 e-con-full e-flex e-con e-child\" data-id=\"6b4ed124\" data-element_type=\"container\">\n\t\t\t\t<div class=\"elementor-element elementor-element-632565d6 elementor-widget elementor-widget-ucaddon_food_menu_box\" data-id=\"632565d6\" data-element_type=\"widget\" data-widget_type=\"ucaddon_food_menu_box.default\">\n\t\t\t\t<div class=\"elementor-widget-container\">\n\t\t\t\n<!-- start Product Card -->\n\n<style>\/* widget: Product Card *\/\n\n#uc_food_menu_box_elementor_632565d6\n{\n  overflow:hidden;\n  position:relative;\n}\n\n.ue-card\n{\n  box-shadow:0px 5px 30px 0px rgba(0,0,0,0.20);\n}\n\n#uc_food_menu_box_elementor_632565d6 .uc_more_btn\n{\n  text-align:center;\n  transition:0.3s;\n  text-decoration:none;\n}\n\n#uc_food_menu_box_elementor_632565d6 .ue-card-image\n{\n  font-size:0px;\n}\n\n#uc_food_menu_box_elementor_632565d6 .ue-card-image img\n{\n  object-fit: cover;\n}\n\n.ue-card-title\n{\n  font-size:21px;\n}\n\n\n#uc_food_menu_box_elementor_632565d6 .ue_badge\n{\n  position: absolute;\n    top: 16px;\n    \t\n    left: -70px;transform: rotate(-45deg);    padding: 5px 0px;\n    width: 200px;\n    text-align: center;\n    box-sizing: border-box;\n    z-index:2;\n}\n\n.ue_badge\n{\n  font-size:10px;\n  line-height:1em;\n}\n\n#uc_food_menu_box_elementor_632565d6 .ue-card-price\n{\n  display:inline-flex;\n  align-items:center;\n  justify-content:center;\n  position:relative;\n  z-index:2;\n}\n\n\n#uc_food_menu_box_elementor_632565d6 .ue_rate\n{\n  line-height:1em;\n}\n\n#uc_food_menu_box_elementor_632565d6 .ue_rate svg\n{\n  height:1em;\n  width:1em;\n}\n\n#uc_food_menu_box_elementor_632565d6 .ue_rating\n{\n  display:flex;\n}\n\n<\/style>\n\n<div class=\"ue-card\" id=\"uc_food_menu_box_elementor_632565d6\">\n  \n    \n  \n  \n    <div class=\"ue-card-header\">\n      <div class=\"ue-card-image\"><img decoding=\"async\" src=\"https:\/\/vestfrostsolutions.pl\/wp-content\/uploads\/2024\/01\/f-138i-angled-left-solid-door.png\" alt=\"f-138i-angled-left-solid-door\"  src=\"https:\/\/vestfrostsolutions.pl\/wp-content\/uploads\/2024\/01\/f-138i-angled-left-solid-door.png\" alt=\"f-138i-angled-left-solid-door\" width=\"236\" height=\"203\"><\/div>                          <\/div> \n    \n  <div class=\"ue-card-content\">\n            <div class=\"ue-card-title\">Vestfrost F-138i<\/div>            <div class=\"ue-card-text\"><p>138L | DRZWI | OD -5\u00b0C do -25\u00b0C<\/p><\/div>    \n          \n      <a href=\"https:\/\/vestfrostsolutions.pl\/index.php\/kontakt\/\" class=\"uc_more_btn\" >Dowiedz si\u0119 wi\u0119cej<\/a>  <\/div>\n  \n  <\/div>\n<!-- end Product Card -->\t\t<\/div>\n\t\t\t\t<\/div>\n\t\t\t\t<\/div>\n\t\t<div class=\"elementor-element elementor-element-39cdb0e5 e-con-full e-flex e-con e-child\" data-id=\"39cdb0e5\" data-element_type=\"container\">\n\t\t\t\t<div class=\"elementor-element elementor-element-7730ce9e elementor-widget elementor-widget-ucaddon_food_menu_box\" data-id=\"7730ce9e\" data-element_type=\"widget\" data-widget_type=\"ucaddon_food_menu_box.default\">\n\t\t\t\t<div class=\"elementor-widget-container\">\n\t\t\t\n<!-- start Product Card -->\n\n<style>\/* widget: Product Card *\/\n\n#uc_food_menu_box_elementor_7730ce9e\n{\n  overflow:hidden;\n  position:relative;\n}\n\n.ue-card\n{\n  box-shadow:0px 5px 30px 0px rgba(0,0,0,0.20);\n}\n\n#uc_food_menu_box_elementor_7730ce9e .uc_more_btn\n{\n  text-align:center;\n  transition:0.3s;\n  text-decoration:none;\n}\n\n#uc_food_menu_box_elementor_7730ce9e .ue-card-image\n{\n  font-size:0px;\n}\n\n#uc_food_menu_box_elementor_7730ce9e .ue-card-image img\n{\n  object-fit: cover;\n}\n\n.ue-card-title\n{\n  font-size:21px;\n}\n\n\n#uc_food_menu_box_elementor_7730ce9e .ue_badge\n{\n  position: absolute;\n    top: 16px;\n    \t\n    left: -70px;transform: rotate(-45deg);    padding: 5px 0px;\n    width: 200px;\n    text-align: center;\n    box-sizing: border-box;\n    z-index:2;\n}\n\n.ue_badge\n{\n  font-size:10px;\n  line-height:1em;\n}\n\n#uc_food_menu_box_elementor_7730ce9e .ue-card-price\n{\n  display:inline-flex;\n  align-items:center;\n  justify-content:center;\n  position:relative;\n  z-index:2;\n}\n\n\n#uc_food_menu_box_elementor_7730ce9e .ue_rate\n{\n  line-height:1em;\n}\n\n#uc_food_menu_box_elementor_7730ce9e .ue_rate svg\n{\n  height:1em;\n  width:1em;\n}\n\n#uc_food_menu_box_elementor_7730ce9e .ue_rating\n{\n  display:flex;\n}\n\n<\/style>\n\n<div class=\"ue-card\" id=\"uc_food_menu_box_elementor_7730ce9e\">\n  \n    \n  \n  \n    <div class=\"ue-card-header\">\n      <div class=\"ue-card-image\"><img loading=\"lazy\" decoding=\"async\" src=\"https:\/\/vestfrostsolutions.pl\/wp-content\/uploads\/2024\/01\/f-427i-angled-left-solid-door.png\" alt=\"f-427i-angled-left-solid-door\"  src=\"https:\/\/vestfrostsolutions.pl\/wp-content\/uploads\/2024\/01\/f-427i-angled-left-solid-door.png\" alt=\"f-427i-angled-left-solid-door\" width=\"236\" height=\"203\"><\/div>                          <\/div> \n    \n  <div class=\"ue-card-content\">\n            <div class=\"ue-card-title\">Vestfrost F-427i<\/div>            <div class=\"ue-card-text\"><p>427L | DRZWI | OD -5\u00b0C do -25\u00b0C<\/p><\/div>    \n          \n      <a href=\"https:\/\/vestfrostsolutions.pl\/index.php\/kontakt\/\" class=\"uc_more_btn\" >Dowiedz si\u0119 wi\u0119cej<\/a>  <\/div>\n  \n  <\/div>\n<!-- end Product Card -->\t\t<\/div>\n\t\t\t\t<\/div>\n\t\t\t\t<\/div>\n\t\t\t\t\t<\/div>\n\t\t\t\t<\/div>\n\t\t<div class=\"elementor-element elementor-element-429a1c1 e-flex e-con-boxed e-con e-parent\" data-id=\"429a1c1\" data-element_type=\"container\">\n\t\t\t\t\t<div class=\"e-con-inner\">\n\t\t\t\t<div class=\"elementor-element elementor-element-7b07ab77 elementor-widget elementor-widget-spacer\" data-id=\"7b07ab77\" data-element_type=\"widget\" data-widget_type=\"spacer.default\">\n\t\t\t\t<div class=\"elementor-widget-container\">\n\t\t\t\t\t<div class=\"elementor-spacer\">\n\t\t\t<div class=\"elementor-spacer-inner\"><\/div>\n\t\t<\/div>\n\t\t\t\t<\/div>\n\t\t\t\t<\/div>\n\t\t\t\t\t<\/div>\n\t\t\t\t<\/div>\n\t\t\t\t<\/div>\n\t\t","protected":false},"excerpt":{"rendered":"<p>Zamra\u017carki laboratoryjne Niezawodno\u015b\u0107 jest kluczowa dla zamra\u017carek laboratoryjnych Nasze zamra\u017carki laboratoryjne s\u0105 wyposa\u017cone w funkcje gwarantuj\u0105ce bezpieczne i niezawodne przechowywanie aplikacji w naukach przyrodniczych. Profesjonalne rozwi\u0105zania dla profesjonalist\u00f3w. Vestfrost F-90i 90L | DRZWI | OD -5\u00b0C do -25\u00b0C Dowiedz si\u0119 wi\u0119cej Vestfrost F-138i 138L | DRZWI | OD -5\u00b0C do -25\u00b0C Dowiedz si\u0119 wi\u0119cej Vestfrost [&hellip;]<\/p>\n","protected":false},"author":1,"featured_media":0,"parent":0,"menu_order":0,"comment_status":"closed","ping_status":"closed","template":"elementor_header_footer","meta":{"footnotes":""},"class_list":["post-41","page","type-page","status-publish","hentry"],"blocksy_meta":[],"_links":{"self":[{"href":"https:\/\/vestfrostsolutions.pl\/index.php\/wp-json\/wp\/v2\/pages\/41","targetHints":{"allow":["GET"]}}],"collection":[{"href":"https:\/\/vestfrostsolutions.pl\/index.php\/wp-json\/wp\/v2\/pages"}],"about":[{"href":"https:\/\/vestfrostsolutions.pl\/index.php\/wp-json\/wp\/v2\/types\/page"}],"author":[{"embeddable":true,"href":"https:\/\/vestfrostsolutions.pl\/index.php\/wp-json\/wp\/v2\/users\/1"}],"replies":[{"embeddable":true,"href":"https:\/\/vestfrostsolutions.pl\/index.php\/wp-json\/wp\/v2\/comments?post=41"}],"version-history":[{"count":4,"href":"https:\/\/vestfrostsolutions.pl\/index.php\/wp-json\/wp\/v2\/pages\/41\/revisions"}],"predecessor-version":[{"id":155,"href":"https:\/\/vestfrostsolutions.pl\/index.php\/wp-json\/wp\/v2\/pages\/41\/revisions\/155"}],"wp:attachment":[{"href":"https:\/\/vestfrostsolutions.pl\/index.php\/wp-json\/wp\/v2\/media?parent=41"}],"curies":[{"name":"wp","href":"https:\/\/api.w.org\/{rel}","templated":true}]}}