{"id":13,"date":"2024-01-16T21:53:54","date_gmt":"2024-01-16T21:53:54","guid":{"rendered":"https:\/\/vestfrostsolutions.pl\/?page_id=13"},"modified":"2024-07-31T08:13:24","modified_gmt":"2024-07-31T08:13:24","slug":"home","status":"publish","type":"page","link":"https:\/\/vestfrostsolutions.pl\/","title":{"rendered":"Home"},"content":{"rendered":"\t\t<div data-elementor-type=\"wp-page\" data-elementor-id=\"13\" class=\"elementor elementor-13\">\n\t\t\t\t<div class=\"elementor-element elementor-element-cdcc6cc e-flex e-con-boxed e-con e-parent\" data-id=\"cdcc6cc\" data-element_type=\"container\" data-settings=\"{&quot;background_background&quot;:&quot;classic&quot;}\">\n\t\t\t\t\t<div class=\"e-con-inner\">\n\t\t\t\t<div class=\"elementor-element elementor-element-068a156 elementor-widget elementor-widget-spacer\" data-id=\"068a156\" data-element_type=\"widget\" data-widget_type=\"spacer.default\">\n\t\t\t\t<div class=\"elementor-widget-container\">\n\t\t\t<style>\/*! elementor - v3.23.0 - 25-07-2024 *\/\n.elementor-column .elementor-spacer-inner{height:var(--spacer-size)}.e-con{--container-widget-width:100%}.e-con-inner>.elementor-widget-spacer,.e-con>.elementor-widget-spacer{width:var(--container-widget-width,var(--spacer-size));--align-self:var(--container-widget-align-self,initial);--flex-shrink:0}.e-con-inner>.elementor-widget-spacer>.elementor-widget-container,.e-con>.elementor-widget-spacer>.elementor-widget-container{height:100%;width:100%}.e-con-inner>.elementor-widget-spacer>.elementor-widget-container>.elementor-spacer,.e-con>.elementor-widget-spacer>.elementor-widget-container>.elementor-spacer{height:100%}.e-con-inner>.elementor-widget-spacer>.elementor-widget-container>.elementor-spacer>.elementor-spacer-inner,.e-con>.elementor-widget-spacer>.elementor-widget-container>.elementor-spacer>.elementor-spacer-inner{height:var(--container-widget-height,var(--spacer-size))}.e-con-inner>.elementor-widget-spacer.elementor-widget-empty,.e-con>.elementor-widget-spacer.elementor-widget-empty{position:relative;min-height:22px;min-width:22px}.e-con-inner>.elementor-widget-spacer.elementor-widget-empty .elementor-widget-empty-icon,.e-con>.elementor-widget-spacer.elementor-widget-empty .elementor-widget-empty-icon{position:absolute;top:0;bottom:0;left:0;right:0;margin:auto;padding:0;width:22px;height:22px}<\/style>\t\t<div class=\"elementor-spacer\">\n\t\t\t<div class=\"elementor-spacer-inner\"><\/div>\n\t\t<\/div>\n\t\t\t\t<\/div>\n\t\t\t\t<\/div>\n\t\t\t\t<div class=\"elementor-element elementor-element-4607030 elementor-widget elementor-widget-heading\" data-id=\"4607030\" data-element_type=\"widget\" data-widget_type=\"heading.default\">\n\t\t\t\t<div class=\"elementor-widget-container\">\n\t\t\t<style>\/*! elementor - v3.23.0 - 25-07-2024 *\/\n.elementor-heading-title{padding:0;margin:0;line-height:1}.elementor-widget-heading .elementor-heading-title[class*=elementor-size-]>a{color:inherit;font-size:inherit;line-height:inherit}.elementor-widget-heading .elementor-heading-title.elementor-size-small{font-size:15px}.elementor-widget-heading .elementor-heading-title.elementor-size-medium{font-size:19px}.elementor-widget-heading .elementor-heading-title.elementor-size-large{font-size:29px}.elementor-widget-heading .elementor-heading-title.elementor-size-xl{font-size:39px}.elementor-widget-heading .elementor-heading-title.elementor-size-xxl{font-size:59px}<\/style><h2 class=\"elementor-heading-title elementor-size-default\">Rozwi\u0105zania laboratoryjne i medyczne<\/h2>\t\t<\/div>\n\t\t\t\t<\/div>\n\t\t\t\t\t<\/div>\n\t\t\t\t<\/div>\n\t\t<div class=\"elementor-element elementor-element-31ae7c2 e-flex e-con-boxed e-con e-parent\" data-id=\"31ae7c2\" data-element_type=\"container\">\n\t\t\t\t\t<div class=\"e-con-inner\">\n\t\t\t\t<div class=\"elementor-element elementor-element-44f6948 elementor-widget elementor-widget-spacer\" data-id=\"44f6948\" data-element_type=\"widget\" data-widget_type=\"spacer.default\">\n\t\t\t\t<div class=\"elementor-widget-container\">\n\t\t\t\t\t<div class=\"elementor-spacer\">\n\t\t\t<div class=\"elementor-spacer-inner\"><\/div>\n\t\t<\/div>\n\t\t\t\t<\/div>\n\t\t\t\t<\/div>\n\t\t\t\t<div class=\"elementor-element elementor-element-3d42323 elementor-widget elementor-widget-heading\" data-id=\"3d42323\" data-element_type=\"widget\" data-widget_type=\"heading.default\">\n\t\t\t\t<div class=\"elementor-widget-container\">\n\t\t\t<h2 class=\"elementor-heading-title elementor-size-default\">Niezawodny wyb\u00f3r w bran\u017cy, w kt\u00f3rej zaufanie jest kluczowe<\/h2>\t\t<\/div>\n\t\t\t\t<\/div>\n\t\t\t\t<div class=\"elementor-element elementor-element-ec169c6 elementor-widget elementor-widget-text-editor\" data-id=\"ec169c6\" data-element_type=\"widget\" data-widget_type=\"text-editor.default\">\n\t\t\t\t<div class=\"elementor-widget-container\">\n\t\t\t<style>\/*! elementor - v3.23.0 - 25-07-2024 *\/\n.elementor-widget-text-editor.elementor-drop-cap-view-stacked .elementor-drop-cap{background-color:#69727d;color:#fff}.elementor-widget-text-editor.elementor-drop-cap-view-framed .elementor-drop-cap{color:#69727d;border:3px solid;background-color:transparent}.elementor-widget-text-editor:not(.elementor-drop-cap-view-default) .elementor-drop-cap{margin-top:8px}.elementor-widget-text-editor:not(.elementor-drop-cap-view-default) .elementor-drop-cap-letter{width:1em;height:1em}.elementor-widget-text-editor .elementor-drop-cap{float:left;text-align:center;line-height:1;font-size:50px}.elementor-widget-text-editor .elementor-drop-cap-letter{display:inline-block}<\/style>\t\t\t\t<p><em>Vestfrost Biomedical jest du\u0144skim producentem i globalnym dostawc\u0105 wysokiej jako\u015bci lod\u00f3wek i zamra\u017carek do u\u017cytku profesjonalnego w sektorze opieki zdrowotnej. Projektujemy, opracowujemy i produkujemy produkty dla szpitali, przychodni, laboratori\u00f3w i aptek na ca\u0142ym \u015bwiecie.<\/em><\/p>\t\t\t\t\t\t<\/div>\n\t\t\t\t<\/div>\n\t\t\t\t<div class=\"elementor-element elementor-element-9d24394 elementor-widget elementor-widget-spacer\" data-id=\"9d24394\" data-element_type=\"widget\" data-widget_type=\"spacer.default\">\n\t\t\t\t<div class=\"elementor-widget-container\">\n\t\t\t\t\t<div class=\"elementor-spacer\">\n\t\t\t<div class=\"elementor-spacer-inner\"><\/div>\n\t\t<\/div>\n\t\t\t\t<\/div>\n\t\t\t\t<\/div>\n\t\t\t\t\t<\/div>\n\t\t\t\t<\/div>\n\t\t<div class=\"elementor-element elementor-element-6bfbda1 e-flex e-con-boxed e-con e-parent\" data-id=\"6bfbda1\" data-element_type=\"container\">\n\t\t\t\t\t<div class=\"e-con-inner\">\n\t\t<div class=\"elementor-element elementor-element-71e9728 e-con-full e-flex e-con e-child\" data-id=\"71e9728\" data-element_type=\"container\">\n\t\t\t\t<div class=\"elementor-element elementor-element-b2fbef3 elementor-widget elementor-widget-text-editor\" data-id=\"b2fbef3\" data-element_type=\"widget\" data-widget_type=\"text-editor.default\">\n\t\t\t\t<div class=\"elementor-widget-container\">\n\t\t\t\t\t\t\t<p class=\"p1\">Wszystkie nasze produkty s\u0105 opracowywane z my\u015bl\u0105 o potrzebach i priorytetach naszych klient\u00f3w. Nasz\u0105 polityk\u0105 jest zapewnienie najlepszych warunk\u00f3w dla naszych klient\u00f3w. Zapewniaj\u0105c dost\u0119pno\u015b\u0107 cz\u0119\u015bci zamiennych do naszych produkt\u00f3w, zapewniamy niezawodno\u015b\u0107 i d\u0142u\u017csz\u0105 \u017cywotno\u015b\u0107 produktu. Dzi\u0119ki temu mo\u017cemy osi\u0105gn\u0105\u0107 wysoki poziom us\u0142ug bez zb\u0119dnych koszt\u00f3w dla naszych klient\u00f3w.<\/p><p class=\"p1\">Uznaj\u0105c warto\u015b\u0107 kr\u00f3tkiego czasu dostawy, jako producent staramy si\u0119 mie\u0107 produkty w magazynie, aby\u015b m\u00f3g\u0142 otrzyma\u0107 produkty, kt\u00f3rych potrzebujesz, kiedy ich potrzebujesz.<\/p>\t\t\t\t\t\t<\/div>\n\t\t\t\t<\/div>\n\t\t\t\t<\/div>\n\t\t<div class=\"elementor-element elementor-element-0c62c22 e-con-full e-flex e-con e-child\" data-id=\"0c62c22\" data-element_type=\"container\">\n\t\t\t\t<div class=\"elementor-element elementor-element-a545387 elementor-widget elementor-widget-text-editor\" data-id=\"a545387\" data-element_type=\"widget\" data-widget_type=\"text-editor.default\">\n\t\t\t\t<div class=\"elementor-widget-container\">\n\t\t\t\t\t\t\t<p class=\"p1\">Dzi\u0119ki ponad +50-letniemu do\u015bwiadczeniu w zakresie lod\u00f3wek i zamra\u017carek doskonalili\u015bmy nasze umiej\u0119tno\u015bci i poszerzali\u015bmy nasz\u0105 wiedz\u0119, aby ostatecznie wytwarza\u0107 niezawodne produkty o stabilnej wydajno\u015bci temperaturowej.<\/p><p class=\"p1\">Oznacza to, \u017ce mo\u017cesz oczekiwa\u0107, \u017ce nasze produkty osi\u0105gn\u0105 wysokie noty w tych kluczowych parametrach temperaturowych:<\/p><ul><li class=\"p1\">Jednolito\u015b\u0107<\/li><li class=\"p1\">Stabilno\u015b\u0107<\/li><li class=\"p1\">Precyzja<\/li><\/ul>\t\t\t\t\t\t<\/div>\n\t\t\t\t<\/div>\n\t\t\t\t<div class=\"elementor-element elementor-element-5cd4f02 elementor-widget elementor-widget-spacer\" data-id=\"5cd4f02\" data-element_type=\"widget\" data-widget_type=\"spacer.default\">\n\t\t\t\t<div class=\"elementor-widget-container\">\n\t\t\t\t\t<div class=\"elementor-spacer\">\n\t\t\t<div class=\"elementor-spacer-inner\"><\/div>\n\t\t<\/div>\n\t\t\t\t<\/div>\n\t\t\t\t<\/div>\n\t\t\t\t<\/div>\n\t\t\t\t\t<\/div>\n\t\t\t\t<\/div>\n\t\t<div class=\"elementor-element elementor-element-c3d5224 e-flex e-con-boxed e-con e-parent\" data-id=\"c3d5224\" data-element_type=\"container\">\n\t\t\t\t\t<div class=\"e-con-inner\">\n\t\t<div class=\"elementor-element elementor-element-844fc12 e-con-full e-flex e-con e-child\" data-id=\"844fc12\" data-element_type=\"container\">\n\t\t\t\t<div class=\"elementor-element elementor-element-ea81400 elementor-widget elementor-widget-image\" data-id=\"ea81400\" data-element_type=\"widget\" data-widget_type=\"image.default\">\n\t\t\t\t<div class=\"elementor-widget-container\">\n\t\t\t<style>\/*! elementor - v3.23.0 - 25-07-2024 *\/\n.elementor-widget-image{text-align:center}.elementor-widget-image a{display:inline-block}.elementor-widget-image a img[src$=\".svg\"]{width:48px}.elementor-widget-image img{vertical-align:middle;display:inline-block}<\/style>\t\t\t\t\t\t\t\t\t\t<img fetchpriority=\"high\" decoding=\"async\" width=\"583\" height=\"378\" src=\"https:\/\/vestfrostsolutions.pl\/wp-content\/uploads\/2024\/01\/i-care-news-image.png\" class=\"attachment-large size-large wp-image-29\" alt=\"\" srcset=\"https:\/\/vestfrostsolutions.pl\/wp-content\/uploads\/2024\/01\/i-care-news-image.png 583w, https:\/\/vestfrostsolutions.pl\/wp-content\/uploads\/2024\/01\/i-care-news-image-300x195.png 300w\" sizes=\"(max-width: 583px) 100vw, 583px\" \/>\t\t\t\t\t\t\t\t\t\t\t\t\t<\/div>\n\t\t\t\t<\/div>\n\t\t\t\t<\/div>\n\t\t<div class=\"elementor-element elementor-element-f81d237 e-con-full e-flex e-con e-child\" data-id=\"f81d237\" data-element_type=\"container\">\n\t\t\t\t<div class=\"elementor-element elementor-element-f5b18b4 elementor-widget elementor-widget-heading\" data-id=\"f5b18b4\" data-element_type=\"widget\" data-widget_type=\"heading.default\">\n\t\t\t\t<div class=\"elementor-widget-container\">\n\t\t\t<h2 class=\"elementor-heading-title elementor-size-default\">Nowa seria i-CARE<\/h2>\t\t<\/div>\n\t\t\t\t<\/div>\n\t\t\t\t<div class=\"elementor-element elementor-element-fb077d8 elementor-widget elementor-widget-text-editor\" data-id=\"fb077d8\" data-element_type=\"widget\" data-widget_type=\"text-editor.default\">\n\t\t\t\t<div class=\"elementor-widget-container\">\n\t\t\t\t\t\t\t<p><span style=\"font-size: inherit; text-align: inherit; background-color: var(--theme-palette-color-7); color: var(--theme-text-color); font-family: var(--theme-font-family); font-style: var(--theme-font-style, inherit); font-weight: var(--theme-font-weight); letter-spacing: var(--theme-letter-spacing); text-transform: var(--theme-text-transform);\">Nasz zesp\u00f3\u0142 biomedyczny z dum\u0105 przedstawia now\u0105 seri\u0119 lod\u00f3wek, zamra\u017carek biomedycznych i zamra\u017carek ULT. Nowa linia charakteryzuje si\u0119 doskona\u0142\u0105 i niezawodn\u0105 wydajno\u015bci\u0105 ch\u0142odzenia, a dodatkowy ekran dotykowy intuicyjnie dostarcza potrzebnych danych i informacji.<\/span><\/p><p>Najwa\u017cniejsze korzy\u015bci mo\u017cna podsumowa\u0107 nast\u0119puj\u0105co:<\/p><ul><li>Prostota z\u0142o\u017cono\u015bci<\/li><li>Efektywna wydajno\u015b\u0107 dzi\u0119ki technologii\u2122 Adaptive Cooling<\/li><li>Centrum informacyjne<\/li><\/ul><p>Wszystko to przy jednoczesnym wspieraniu naszej podr\u00f3\u017cy w kierunku zr\u00f3wnowa\u017conego rozwoju<\/p>\t\t\t\t\t\t<\/div>\n\t\t\t\t<\/div>\n\t\t\t\t<div class=\"elementor-element elementor-element-9190867 elementor-widget elementor-widget-button\" data-id=\"9190867\" data-element_type=\"widget\" data-widget_type=\"button.default\">\n\t\t\t\t<div class=\"elementor-widget-container\">\n\t\t\t\t\t<div class=\"elementor-button-wrapper\">\n\t\t\t<a class=\"elementor-button elementor-button-link elementor-size-sm\" href=\"https:\/\/vestfrostsolutions.pl\/index.php\/i-care\/\">\n\t\t\t\t\t\t<span class=\"elementor-button-content-wrapper\">\n\t\t\t\t\t\t\t\t\t<span class=\"elementor-button-text\">Dowiedz si\u0119 wi\u0119cej<\/span>\n\t\t\t\t\t<\/span>\n\t\t\t\t\t<\/a>\n\t\t<\/div>\n\t\t\t\t<\/div>\n\t\t\t\t<\/div>\n\t\t\t\t<\/div>\n\t\t\t\t\t<\/div>\n\t\t\t\t<\/div>\n\t\t<div class=\"elementor-element elementor-element-2aff3ee e-flex e-con-boxed e-con e-parent\" data-id=\"2aff3ee\" data-element_type=\"container\">\n\t\t\t\t\t<div class=\"e-con-inner\">\n\t\t<div class=\"elementor-element elementor-element-f24f362 e-con-full e-flex e-con e-child\" data-id=\"f24f362\" data-element_type=\"container\">\n\t\t\t\t<div class=\"elementor-element elementor-element-afac10b elementor-widget elementor-widget-heading\" data-id=\"afac10b\" data-element_type=\"widget\" data-widget_type=\"heading.default\">\n\t\t\t\t<div class=\"elementor-widget-container\">\n\t\t\t<h2 class=\"elementor-heading-title elementor-size-default\">Zgodno\u015b\u0107 z norm\u0105 DIN 13277<\/h2>\t\t<\/div>\n\t\t\t\t<\/div>\n\t\t\t\t<div class=\"elementor-element elementor-element-10b7a09 elementor-widget elementor-widget-text-editor\" data-id=\"10b7a09\" data-element_type=\"widget\" data-widget_type=\"text-editor.default\">\n\t\t\t\t<div class=\"elementor-widget-container\">\n\t\t\t\t\t\t\t<h5>Niezawodna lod\u00f3wka do zastosowa\u0144 laboratoryjnych i medycznych<\/h5><p>Lod\u00f3wki biomedyczne Vestfrost s\u0105 projektowane i budowane z my\u015bl\u0105 o potrzebach laboratori\u00f3w, szpitali i aptek. Dlatego z przyjemno\u015bci\u0105 informujemy, \u017ce s\u0105 one zgodne z now\u0105 norm\u0105 DIN 13277 &#8220;Lod\u00f3wki do zastosowa\u0144 laboratoryjnych i medycznych&#8221;.<\/p><p>Norma zast\u0119puje poprzednio znan\u0105 norm\u0119 DIN 58345 i dodaje dodatkowe wymagania dotycz\u0105ce testowania &#8211; wszystko po to, aby zapewni\u0107, \u017ce producenci wytwarzaj\u0105 produkty biomedyczne, kt\u00f3re spe\u0142niaj\u0105 wymagania bran\u017cy.<\/p><p>Cieszymy si\u0119, \u017ce mo\u017cemy udokumentowa\u0107, \u017ce nasze rozwi\u0105zanie jest tak niezawodne jak zawsze.<\/p>\t\t\t\t\t\t<\/div>\n\t\t\t\t<\/div>\n\t\t\t\t<div class=\"elementor-element elementor-element-1444a95 elementor-align-right elementor-widget elementor-widget-button\" data-id=\"1444a95\" data-element_type=\"widget\" data-widget_type=\"button.default\">\n\t\t\t\t<div class=\"elementor-widget-container\">\n\t\t\t\t\t<div class=\"elementor-button-wrapper\">\n\t\t\t<a class=\"elementor-button elementor-button-link elementor-size-sm\" href=\"https:\/\/www.vestfrostsolutions.com\/media\/vl0fr22s\/din-13277-doc.pdf\">\n\t\t\t\t\t\t<span class=\"elementor-button-content-wrapper\">\n\t\t\t\t\t\t\t\t\t<span class=\"elementor-button-text\">Deklaracja DIN 13277<\/span>\n\t\t\t\t\t<\/span>\n\t\t\t\t\t<\/a>\n\t\t<\/div>\n\t\t\t\t<\/div>\n\t\t\t\t<\/div>\n\t\t\t\t<\/div>\n\t\t<div class=\"elementor-element elementor-element-e713622 e-con-full e-flex e-con e-child\" data-id=\"e713622\" data-element_type=\"container\">\n\t\t\t\t<div class=\"elementor-element elementor-element-030e6f9 elementor-widget elementor-widget-image\" data-id=\"030e6f9\" data-element_type=\"widget\" data-widget_type=\"image.default\">\n\t\t\t\t<div class=\"elementor-widget-container\">\n\t\t\t\t\t\t\t\t\t\t\t\t\t<img decoding=\"async\" width=\"600\" height=\"516\" src=\"https:\/\/vestfrostsolutions.pl\/wp-content\/uploads\/2024\/01\/din-13277-ikon.png\" class=\"attachment-large size-large wp-image-66\" alt=\"\" srcset=\"https:\/\/vestfrostsolutions.pl\/wp-content\/uploads\/2024\/01\/din-13277-ikon.png 600w, https:\/\/vestfrostsolutions.pl\/wp-content\/uploads\/2024\/01\/din-13277-ikon-300x258.png 300w\" sizes=\"(max-width: 600px) 100vw, 600px\" \/>\t\t\t\t\t\t\t\t\t\t\t\t\t<\/div>\n\t\t\t\t<\/div>\n\t\t\t\t<\/div>\n\t\t\t\t\t<\/div>\n\t\t\t\t<\/div>\n\t\t<div class=\"elementor-element elementor-element-7f00aea e-flex e-con-boxed e-con e-parent\" data-id=\"7f00aea\" data-element_type=\"container\">\n\t\t\t\t\t<div class=\"e-con-inner\">\n\t\t<div class=\"elementor-element elementor-element-45c07f9 e-con-full e-flex e-con e-child\" data-id=\"45c07f9\" data-element_type=\"container\">\n\t\t\t\t<div class=\"elementor-element elementor-element-eff774d elementor-widget elementor-widget-image\" data-id=\"eff774d\" data-element_type=\"widget\" data-widget_type=\"image.default\">\n\t\t\t\t<div class=\"elementor-widget-container\">\n\t\t\t\t\t\t\t\t\t\t\t\t\t<img decoding=\"async\" width=\"500\" height=\"500\" src=\"https:\/\/vestfrostsolutions.pl\/wp-content\/uploads\/2024\/01\/eco-1.png\" class=\"attachment-large size-large wp-image-72\" alt=\"\" srcset=\"https:\/\/vestfrostsolutions.pl\/wp-content\/uploads\/2024\/01\/eco-1.png 500w, https:\/\/vestfrostsolutions.pl\/wp-content\/uploads\/2024\/01\/eco-1-300x300.png 300w, https:\/\/vestfrostsolutions.pl\/wp-content\/uploads\/2024\/01\/eco-1-150x150.png 150w\" sizes=\"(max-width: 500px) 100vw, 500px\" \/>\t\t\t\t\t\t\t\t\t\t\t\t\t<\/div>\n\t\t\t\t<\/div>\n\t\t\t\t<\/div>\n\t\t<div class=\"elementor-element elementor-element-7886ebb e-con-full e-flex e-con e-child\" data-id=\"7886ebb\" data-element_type=\"container\">\n\t\t\t\t<div class=\"elementor-element elementor-element-aba0b15 elementor-widget elementor-widget-heading\" data-id=\"aba0b15\" data-element_type=\"widget\" data-widget_type=\"heading.default\">\n\t\t\t\t<div class=\"elementor-widget-container\">\n\t\t\t<h2 class=\"elementor-heading-title elementor-size-default\">Lod\u00f3wki medyczne o najni\u017cszym zu\u017cyciu energii!<\/h2>\t\t<\/div>\n\t\t\t\t<\/div>\n\t\t\t\t<div class=\"elementor-element elementor-element-ff30f25 elementor-widget elementor-widget-text-editor\" data-id=\"ff30f25\" data-element_type=\"widget\" data-widget_type=\"text-editor.default\">\n\t\t\t\t<div class=\"elementor-widget-container\">\n\t\t\t\t\t\t\t<p>Mi\u0142o nam poinformowa\u0107, \u017ce nasze lod\u00f3wki medyczne\u00a0zosta\u0142y w\u0142\u0105czone do platformy\u00a0<a href=\"http:\/\/topten.eu\/\" data-attribute-index=\"4\">Topten.eu<\/a>, dla energooszcz\u0119dnych szafek ch\u0142odniczych na leki.<br \/><br \/>Co za tym idzie, nasze lod\u00f3wki medyczne s\u0105 najbardziej wydajne w swojej klasie. Jeste\u015bmy dumni, \u017ce nasze wysi\u0142ki si\u0119 op\u0142aci\u0142y i \u017ce nasze produkty s\u0105 rzeczywi\u015bcie tak energooszcz\u0119dne, jak twierdzimy &#8211; dzi\u0119kujemy za niezale\u017cn\u0105\u00a0<a href=\"http:\/\/topten.eu\/\" data-attribute-index=\"5\">Topten.eu<\/a>\u00a0walidacji.<br \/><br \/>&#8220;Topten to zorientowana na konsumenta wyszukiwarka internetowa, kt\u00f3ra prezentuje najlepsze modele w r\u00f3\u017cnych kategoriach produktowych. Kluczowymi kryteriami wyboru Topten s\u0105 efektywno\u015b\u0107 energetyczna i zu\u017cycie, a tak\u017ce inne aspekty jako\u015bciowe, takie jak wydajno\u015b\u0107 zasob\u00f3w i zdrowie&#8221;<\/p>\t\t\t\t\t\t<\/div>\n\t\t\t\t<\/div>\n\t\t\t\t<\/div>\n\t\t\t\t\t<\/div>\n\t\t\t\t<\/div>\n\t\t<div class=\"elementor-element elementor-element-941fbc4 e-flex e-con-boxed e-con e-parent\" data-id=\"941fbc4\" data-element_type=\"container\">\n\t\t\t\t\t<div class=\"e-con-inner\">\n\t\t<div class=\"elementor-element elementor-element-33f2ea8 e-con-full e-flex e-con e-child\" data-id=\"33f2ea8\" data-element_type=\"container\">\n\t\t\t\t<div class=\"elementor-element elementor-element-362f19a elementor-widget elementor-widget-heading\" data-id=\"362f19a\" data-element_type=\"widget\" data-widget_type=\"heading.default\">\n\t\t\t\t<div class=\"elementor-widget-container\">\n\t\t\t<h2 class=\"elementor-heading-title elementor-size-default\">Elastyczno\u015b\u0107 dzi\u0119ki akcesoriom<\/h2>\t\t<\/div>\n\t\t\t\t<\/div>\n\t\t\t\t<div class=\"elementor-element elementor-element-7b0850f elementor-widget elementor-widget-text-editor\" data-id=\"7b0850f\" data-element_type=\"widget\" data-widget_type=\"text-editor.default\">\n\t\t\t\t<div class=\"elementor-widget-container\">\n\t\t\t\t\t\t\t<h5>\u017badne laboratorium ani szpital nie s\u0105 takie same!<\/h5><p>\u00a0<\/p><p>Dzi\u0119ki r\u00f3\u017cnym opcjom akcesori\u00f3w masz elastyczno\u015b\u0107, aby uzyska\u0107 dok\u0142adnie takie rozwi\u0105zanie do przechowywania, jakiego potrzebujesz do swojego ekwipunku<\/p><ul><li>Szuflady zapewniaj\u0105ce ergonomi\u0119<\/li><li>Szklane drzwi zapewniaj\u0105 przejrzysto\u015b\u0107<\/li><li>K\u00f3\u0142ka zapewniaj\u0105ce mobilno\u015b\u0107<\/li><li>Zestaw do sztaplowania w celu zaoszcz\u0119dzenia miejsca na pod\u0142odze<\/li><\/ul>\t\t\t\t\t\t<\/div>\n\t\t\t\t<\/div>\n\t\t\t\t<div class=\"elementor-element elementor-element-497cb6b elementor-align-right elementor-widget elementor-widget-button\" data-id=\"497cb6b\" data-element_type=\"widget\" data-widget_type=\"button.default\">\n\t\t\t\t<div class=\"elementor-widget-container\">\n\t\t\t\t\t<div class=\"elementor-button-wrapper\">\n\t\t\t<a class=\"elementor-button elementor-button-link elementor-size-sm\" href=\"http:\/\/akcesoria\">\n\t\t\t\t\t\t<span class=\"elementor-button-content-wrapper\">\n\t\t\t\t\t\t\t\t\t<span class=\"elementor-button-text\">Akcesoria<\/span>\n\t\t\t\t\t<\/span>\n\t\t\t\t\t<\/a>\n\t\t<\/div>\n\t\t\t\t<\/div>\n\t\t\t\t<\/div>\n\t\t\t\t<\/div>\n\t\t<div class=\"elementor-element elementor-element-a63861a e-con-full e-flex e-con e-child\" data-id=\"a63861a\" data-element_type=\"container\">\n\t\t\t\t<div class=\"elementor-element elementor-element-d4704bc elementor-widget elementor-widget-image\" data-id=\"d4704bc\" data-element_type=\"widget\" data-widget_type=\"image.default\">\n\t\t\t\t<div class=\"elementor-widget-container\">\n\t\t\t\t\t\t\t\t\t\t\t\t\t<img loading=\"lazy\" decoding=\"async\" width=\"724\" height=\"1024\" src=\"https:\/\/vestfrostsolutions.pl\/wp-content\/uploads\/2024\/01\/bio-accessory-promotion-1-724x1024.png\" class=\"attachment-large size-large wp-image-88\" alt=\"\" srcset=\"https:\/\/vestfrostsolutions.pl\/wp-content\/uploads\/2024\/01\/bio-accessory-promotion-1-724x1024.png 724w, https:\/\/vestfrostsolutions.pl\/wp-content\/uploads\/2024\/01\/bio-accessory-promotion-1-212x300.png 212w, https:\/\/vestfrostsolutions.pl\/wp-content\/uploads\/2024\/01\/bio-accessory-promotion-1-768x1086.png 768w, https:\/\/vestfrostsolutions.pl\/wp-content\/uploads\/2024\/01\/bio-accessory-promotion-1.png 1080w\" sizes=\"(max-width: 724px) 100vw, 724px\" \/>\t\t\t\t\t\t\t\t\t\t\t\t\t<\/div>\n\t\t\t\t<\/div>\n\t\t\t\t<\/div>\n\t\t\t\t\t<\/div>\n\t\t\t\t<\/div>\n\t\t<div class=\"elementor-element elementor-element-5c1c349 e-flex e-con-boxed e-con e-parent\" data-id=\"5c1c349\" data-element_type=\"container\">\n\t\t\t\t\t<div class=\"e-con-inner\">\n\t\t\t\t<div class=\"elementor-element elementor-element-092afe9 elementor-widget elementor-widget-spacer\" data-id=\"092afe9\" data-element_type=\"widget\" data-widget_type=\"spacer.default\">\n\t\t\t\t<div class=\"elementor-widget-container\">\n\t\t\t\t\t<div class=\"elementor-spacer\">\n\t\t\t<div class=\"elementor-spacer-inner\"><\/div>\n\t\t<\/div>\n\t\t\t\t<\/div>\n\t\t\t\t<\/div>\n\t\t\t\t\t<\/div>\n\t\t\t\t<\/div>\n\t\t\t\t<\/div>\n\t\t","protected":false},"excerpt":{"rendered":"<p>Rozwi\u0105zania laboratoryjne i medyczne Niezawodny wyb\u00f3r w bran\u017cy, w kt\u00f3rej zaufanie jest kluczowe Vestfrost Biomedical jest du\u0144skim producentem i globalnym dostawc\u0105 wysokiej jako\u015bci lod\u00f3wek i zamra\u017carek do u\u017cytku profesjonalnego w sektorze opieki zdrowotnej. Projektujemy, opracowujemy i produkujemy produkty dla szpitali, przychodni, laboratori\u00f3w i aptek na ca\u0142ym \u015bwiecie. Wszystkie nasze produkty s\u0105 opracowywane z my\u015bl\u0105 o [&hellip;]<\/p>\n","protected":false},"author":1,"featured_media":0,"parent":0,"menu_order":0,"comment_status":"closed","ping_status":"closed","template":"elementor_header_footer","meta":{"footnotes":""},"class_list":["post-13","page","type-page","status-publish","hentry"],"blocksy_meta":[],"_links":{"self":[{"href":"https:\/\/vestfrostsolutions.pl\/index.php\/wp-json\/wp\/v2\/pages\/13","targetHints":{"allow":["GET"]}}],"collection":[{"href":"https:\/\/vestfrostsolutions.pl\/index.php\/wp-json\/wp\/v2\/pages"}],"about":[{"href":"https:\/\/vestfrostsolutions.pl\/index.php\/wp-json\/wp\/v2\/types\/page"}],"author":[{"embeddable":true,"href":"https:\/\/vestfrostsolutions.pl\/index.php\/wp-json\/wp\/v2\/users\/1"}],"replies":[{"embeddable":true,"href":"https:\/\/vestfrostsolutions.pl\/index.php\/wp-json\/wp\/v2\/comments?post=13"}],"version-history":[{"count":40,"href":"https:\/\/vestfrostsolutions.pl\/index.php\/wp-json\/wp\/v2\/pages\/13\/revisions"}],"predecessor-version":[{"id":205,"href":"https:\/\/vestfrostsolutions.pl\/index.php\/wp-json\/wp\/v2\/pages\/13\/revisions\/205"}],"wp:attachment":[{"href":"https:\/\/vestfrostsolutions.pl\/index.php\/wp-json\/wp\/v2\/media?parent=13"}],"curies":[{"name":"wp","href":"https:\/\/api.w.org\/{rel}","templated":true}]}}